{"id":1268,"date":"2022-05-25T11:14:21","date_gmt":"2022-05-25T11:14:21","guid":{"rendered":"https:\/\/magictantra.sk\/%d0%bf%d0%be%d0%b4%d0%b0%d1%80%d0%be%d1%87%d0%bd%d1%8b%d0%b9-%d0%b2%d0%b0%d1%83%d1%87%d0%b5%d1%80\/"},"modified":"2022-08-04T09:03:34","modified_gmt":"2022-08-04T09:03:34","slug":"%d0%bf%d0%be%d0%b4%d0%b0%d1%80%d0%be%d1%87%d0%bd%d1%8b%d0%b9-%d0%b2%d0%b0%d1%83%d1%87%d0%b5%d1%80","status":"publish","type":"page","link":"https:\/\/magictantra.sk\/ru\/%d0%bf%d0%be%d0%b4%d0%b0%d1%80%d0%be%d1%87%d0%bd%d1%8b%d0%b9-%d0%b2%d0%b0%d1%83%d1%87%d0%b5%d1%80\/","title":{"rendered":"\u041f\u043e\u0434\u0430\u0440\u043e\u0447\u043d\u044b\u0439 \u0432\u0430\u0443\u0447\u0435\u0440"},"content":{"rendered":"<p><div class=\"fusion-fullwidth fullwidth-box fusion-builder-row-1 fusion-flex-container nonhundred-percent-fullwidth non-hundred-percent-height-scrolling\" style=\"background-color: rgba(255,255,255,0);background-position: center center;background-repeat: no-repeat;border-width: 0px 0px 0px 0px;border-color:var(--awb-color3);border-style:solid;\" ><div class=\"fusion-builder-row fusion-row fusion-flex-align-items-flex-start\" style=\"max-width:1248px;margin-left: calc(-4% \/ 2 );margin-right: calc(-4% \/ 2 );\"><div class=\"fusion-layout-column fusion_builder_column fusion-builder-column-0 fusion_builder_column_1_1 1_1 fusion-flex-column\"><div class=\"fusion-column-wrapper fusion-flex-justify-content-flex-start fusion-content-layout-column\" style=\"background-position:left top;background-repeat:no-repeat;-webkit-background-size:cover;-moz-background-size:cover;-o-background-size:cover;background-size:cover;padding: 0px 0px 0px 0px;\"><style type=\"text\/css\">@media only screen and (max-width:1024px) {.fusion-title.fusion-title-1{margin-top:10px!important; margin-right:0px!important;margin-bottom:15px!important;margin-left:0px!important;}}@media only screen and (max-width:800px) {.fusion-title.fusion-title-1{margin-top:10px!important; margin-right:0px!important;margin-bottom:10px!important; margin-left:0px!important;}}<\/style><div class=\"fusion-title title fusion-title-1 fusion-sep-none fusion-title-center fusion-title-text fusion-title-size-one\" style=\"margin-top:10px;margin-right:0px;margin-bottom:15px;margin-left:0px;\"><h1 class=\"title-heading-center fusion-responsive-typography-calculated\" style=\"margin:0;--fontSize:38;line-height:var(--awb-typography1-line-height);\">\u041f\u043e\u0434\u0430\u0440\u043e\u0447\u043d\u044b\u0439 \u0432\u0430\u0443\u0447\u0435\u0440<\/h1><\/div><\/div><style type=\"text\/css\">.fusion-body .fusion-builder-column-0{width:100% !important;margin-top : 0px;margin-bottom : 20px;}.fusion-builder-column-0 > .fusion-column-wrapper {padding-top : 0px !important;padding-right : 0px !important;margin-right : 1.92%;padding-bottom : 0px !important;padding-left : 0px !important;margin-left : 1.92%;}@media only screen and (max-width:1024px) {.fusion-body .fusion-builder-column-0{width:100% !important;order : 0;}.fusion-builder-column-0 > .fusion-column-wrapper {margin-right : 1.92%;margin-left : 1.92%;}}@media only screen and (max-width:800px) {.fusion-body .fusion-builder-column-0{width:100% !important;order : 0;}.fusion-builder-column-0 > .fusion-column-wrapper {margin-right : 1.92%;margin-left : 1.92%;}}<\/style><\/div><\/div><style type=\"text\/css\">.fusion-body .fusion-flex-container.fusion-builder-row-1{ padding-top : 0px;margin-top : 30px;padding-right : 0px;padding-bottom : 0px;margin-bottom : 0px;padding-left : 0px;}<\/style><\/div><div class=\"fusion-fullwidth fullwidth-box fusion-builder-row-2 fusion-flex-container nonhundred-percent-fullwidth non-hundred-percent-height-scrolling\" style=\"background-color: rgba(255,255,255,0);background-position: center center;background-repeat: no-repeat;border-width: 0px 0px 0px 0px;border-color:var(--awb-color3);border-style:solid;\" ><div class=\"fusion-builder-row fusion-row fusion-flex-align-items-flex-start\" style=\"max-width:1248px;margin-left: calc(-4% \/ 2 );margin-right: calc(-4% \/ 2 );\"><div class=\"fusion-layout-column fusion_builder_column fusion-builder-column-1 fusion_builder_column_1_2 1_2 fusion-flex-column\"><div class=\"fusion-column-wrapper fusion-flex-justify-content-flex-start fusion-content-layout-column\" style=\"background-position:left top;background-repeat:no-repeat;-webkit-background-size:cover;-moz-background-size:cover;-o-background-size:cover;background-size:cover;padding: 0px 0px 0px 0px;\"><div class=\"fusion-text fusion-text-1\" style=\"text-align:center;\"><p>\u0412\u044b \u0438\u0449\u0435\u0442\u0435 \u043e\u0440\u0438\u0433\u0438\u043d\u0430\u043b\u044c\u043d\u044b\u0439 \u043f\u043e\u0434\u0430\u0440\u043e\u043a \u0434\u043b\u044f \u043b\u044e\u0431\u0438\u043c\u043e\u0433\u043e \u0447\u0435\u043b\u043e\u0432\u0435\u043a\u0430 \u0438\u043b\u0438 \u0434\u043b\u044f \u0441\u0432\u043e\u0435\u0433\u043e \u043f\u0430\u0440\u0442\u043d\u0451\u0440\u0430? \u041c\u044b \u043f\u043e\u0434\u0433\u043e\u0442\u043e\u0432\u0438\u043b\u0438 \u0434\u043b\u044f \u0412\u0430\u0441 \u0432\u043e\u0437\u043c\u043e\u0436\u043d\u043e\u0441\u0442\u044c \u043f\u043e\u043a\u0443\u043f\u043a\u0438 \u043f\u043e\u0434\u0430\u0440\u043e\u0447\u043d\u043e\u0433\u043e \u0441\u0435\u0440\u0442\u0438\u0444\u0438\u043a\u0430\u0442\u0430 \u043d\u0430 \u043c\u0430\u0441\u0441\u0430\u0436 \u0432\u0441\u0435\u0433\u043e \u0442\u0435\u043b\u0430, \u0442\u0430\u043d\u0442\u0440\u0438\u0447\u0435\u0441\u043a\u043e\u0433\u043e \u043c\u0430\u0441\u0441\u0430\u0436\u0430 \u0432 \u0411\u0440\u0430\u0442\u0438\u0441\u043b\u0430\u0432\u0435.<\/p>\n<p>\u0418\u043d\u0441\u0442\u0440\u0443\u043a\u0446\u0438\u0438 \u0441 \u043d\u043e\u043c\u0435\u0440\u043e\u043c \u0441\u0447\u0435\u0442\u0430 \u0438 \u043f\u043e\u0434\u0430\u0440\u043e\u0447\u043d\u043e\u0439 \u043a\u0430\u0440\u0442\u043e\u0439 \u0431\u0443\u0434\u0443\u0442 \u043e\u0442\u043f\u0440\u0430\u0432\u043b\u0435\u043d\u044b \u043d\u0430 \u0412\u0430\u0448 e-mail. \u0412\u0430\u0443\u0447\u0435\u0440 \u0432\u0441\u0442\u0443\u043f\u0430\u0435\u0442 \u0432 \u0441\u0438\u043b\u0443 \u0442\u043e\u043b\u044c\u043a\u043e \u043f\u043e\u0441\u043b\u0435 \u0437\u0430\u0447\u0438\u0441\u043b\u0435\u043d\u0438\u044f \u043f\u043b\u0430\u0442\u0435\u0436\u0430 \u043d\u0430 \u043d\u0430\u0448 \u0441\u0447\u0451\u0442. \u0412\u044b \u043c\u043e\u0436\u0435\u0442\u0435 \u0434\u043e\u0433\u043e\u0432\u043e\u0440\u0438\u0442\u044c\u0441\u044f \u043e \u0442\u0435\u0440\u043c\u0438\u043d\u0435 \u0438 \u043e \u043c\u0430\u0441\u0441\u0430\u0436\u0438\u0441\u0442\u043a\u0435\/\u043c\u0430\u0441\u0441\u0430\u0436\u0438\u0441\u0442\u0435 \u043f\u043e \u0442\u0435\u043b\u0435\u0444\u043e\u043d\u0443 \u0438\u043b\u0438 \u043f\u043e \u0441\u043c\u0441.<\/p>\n<p>\u0412\u044b \u0443\u0436\u0435 \u0432\u044b\u0431\u0440\u0430\u043b\u0438 <a href=\"https:\/\/magictantra.sk\/ru\/%d0%bc%d0%b0%d1%81%d1%81%d0%b0%d0%b6%d0%b8-%d0%b8-%d0%bf%d1%80%d0%b0%d0%b9%d1%81-%d0%bb%d0%b8%d1%81%d1%82\/\">\u0442\u0430\u043d\u0442\u0440\u0438\u0447\u0435\u0441\u043a\u0443\u044e \u043f\u0440\u043e\u0433\u0440\u0430\u043c\u043c\u0443<\/a>? \u041d\u0430\u043f\u0438\u0448\u0438\u0442\u0435 \u0438\u043b\u0438 \u043f\u043e\u0437\u0432\u043e\u043d\u0438\u0442\u0435 \u0438 \u0434\u043e\u0433\u043e\u0432\u043e\u0440\u0438\u0442\u0435\u0441\u044c \u043e \u0434\u0430\u0442\u0435 \u0432\u0430\u0448\u0435\u0433\u043e \u0432\u0438\u0437\u0438\u0442\u0430.<\/p>\n<\/div><\/div><style type=\"text\/css\">.fusion-body .fusion-builder-column-1{width:50% !important;margin-top : 0px;margin-bottom : 20px;}.fusion-builder-column-1 > .fusion-column-wrapper {padding-top : 0px !important;padding-right : 0px !important;margin-right : 3.84%;padding-bottom : 0px !important;padding-left : 0px !important;margin-left : 3.84%;}@media only screen and (max-width:1024px) {.fusion-body .fusion-builder-column-1{width:50% !important;order : 0;}.fusion-builder-column-1 > .fusion-column-wrapper {margin-right : 3.84%;margin-left : 3.84%;}}@media only screen and (max-width:800px) {.fusion-body .fusion-builder-column-1{width:100% !important;order : 0;}.fusion-builder-column-1 > .fusion-column-wrapper {margin-right : 1.92%;margin-left : 1.92%;}}<\/style><\/div><div class=\"fusion-layout-column fusion_builder_column fusion-builder-column-2 fusion_builder_column_1_2 1_2 fusion-flex-column\"><div class=\"fusion-column-wrapper fusion-flex-justify-content-flex-start fusion-content-layout-column\" style=\"background-position:left top;background-repeat:no-repeat;-webkit-background-size:cover;-moz-background-size:cover;-o-background-size:cover;background-size:cover;padding: 0px 0px 0px 0px;\">\n<div class=\"wpcf7 no-js\" id=\"wpcf7-f1284-o1\" lang=\"sk-SK\" dir=\"ltr\">\n<div class=\"screen-reader-response\"><p role=\"status\" aria-live=\"polite\" aria-atomic=\"true\"><\/p> <ul><\/ul><\/div>\n<form action=\"\/ru\/wp-json\/wp\/v2\/pages\/1268#wpcf7-f1284-o1\" method=\"post\" class=\"wpcf7-form init\" aria-label=\"Contact form\" novalidate=\"novalidate\" data-status=\"init\">\n<div style=\"display: none;\">\n<input type=\"hidden\" name=\"_wpcf7\" value=\"1284\" \/>\n<input type=\"hidden\" name=\"_wpcf7_version\" value=\"5.7.4\" \/>\n<input type=\"hidden\" name=\"_wpcf7_locale\" value=\"sk_SK\" \/>\n<input type=\"hidden\" name=\"_wpcf7_unit_tag\" value=\"wpcf7-f1284-o1\" \/>\n<input type=\"hidden\" name=\"_wpcf7_container_post\" value=\"0\" \/>\n<input type=\"hidden\" name=\"_wpcf7_posted_data_hash\" value=\"\" \/>\n<input type=\"hidden\" name=\"_wpcf7_recaptcha_response\" value=\"\" \/>\n<\/div>\n<p><label> \u0422\u0435\u043b\u0435\u0444\u043e\u043d (\u0441 \u043f\u0440\u0435\u0434\u0443\u0441\u0442\u0430\u043d\u043e\u0432\u043a\u043e\u0439)<br \/>\n<span class=\"wpcf7-form-control-wrap\" data-name=\"tel-cislo\"><input size=\"40\" class=\"wpcf7-form-control wpcf7-text wpcf7-tel wpcf7-validates-as-required wpcf7-validates-as-tel\" aria-required=\"true\" aria-invalid=\"false\" value=\"\" type=\"tel\" name=\"tel-cislo\" \/><\/span> <\/label>\n<\/p>\n<p><label> \u042d\u043b\u0435\u043a\u0442\u0440\u043e\u043d\u043d\u0430\u044f \u043f\u043e\u0447\u0442\u0430<br \/>\n<span class=\"wpcf7-form-control-wrap\" data-name=\"your-email\"><input size=\"40\" class=\"wpcf7-form-control wpcf7-text wpcf7-email wpcf7-validates-as-required wpcf7-validates-as-email\" aria-required=\"true\" aria-invalid=\"false\" value=\"\" type=\"email\" name=\"your-email\" \/><\/span> <\/label>\n<\/p>\n<p>\u0446\u0435\u043d\u0438\u0442\u044c<br \/>\n<span class=\"wpcf7-form-control-wrap\" data-name=\"program\"><select class=\"wpcf7-form-control wpcf7-select wpcf7-validates-as-required\" aria-required=\"true\" aria-invalid=\"false\" name=\"program\"><option value=\"150\u20ac\">150\u20ac<\/option><option value=\"200\u20ac\">200\u20ac<\/option><option value=\"250\u20ac\">250\u20ac<\/option><option value=\"300\u20ac\">300\u20ac<\/option><\/select><\/span>\n<\/p>\n<p><span class=\"wpcf7-form-control-wrap\" data-name=\"suhlas\"><span class=\"wpcf7-form-control wpcf7-acceptance\"><span class=\"wpcf7-list-item\"><label><input type=\"checkbox\" name=\"suhlas\" value=\"1\" aria-invalid=\"false\" \/><span class=\"wpcf7-list-item-label\">*\u041d\u0430\u0441\u0442\u043e\u044f\u0449\u0438\u043c \u044f \u0434\u0430\u044e \u0441\u0432\u043e\u0435 \u0441\u043e\u0433\u043b\u0430\u0441\u0438\u0435 <a class=\"accept-box\" title=\"Spracovanie osobn\u00fdch \u00fadajov na vybavenie dopytu, zaslan\u00e9ho prostredn\u00edctvom kontaktn\u00e9ho formul\u00e1ru.\" href=\"\/ru\/\u043f\u0440\u0438\u043d\u0446\u0438\u043f\u044b-\u043e\u0431\u0440\u0430\u0431\u043e\u0442\u043a\u0438-\u043f\u0435\u0440\u0441\u043e\u043d\u0430\u043b\u044c\u043d\u044b\u0445-\u0434\u0430\u043d\/\">\u043d\u0430 \u043e\u0431\u0440\u0430\u0431\u043e\u0442\u043a\u0443 \u043f\u0435\u0440\u0441\u043e\u043d\u0430\u043b\u044c\u043d\u044b\u0445 \u0434\u0430\u043d\u043d\u044b\u0445.<\/a><\/span><\/label><\/span><\/span><\/span>\n<\/p>\n<div class=\"fusion-one-full one_full fusion-layout-column fusion-spacing-yes fusion-column-last google-recaptcha\">\n\t<p>\u042d\u0442\u043e\u0442 \u0441\u0430\u0439\u0442 \u0437\u0430\u0449\u0438\u0449\u0435\u043d \"reCAPTCHA\" \u0438 <a href=\"https:\/\/policies.google.com\/privacy\" target=\"_blank\">\u041f\u043e\u043b\u0438\u0442\u0438\u043a\u043e\u0439 \u043a\u043e\u043d\u0444\u0438\u0434\u0435\u043d\u0446\u0438\u0430\u043b\u044c\u043d\u043e\u0441\u0442\u0438 <\/a> \u0438 <a href=\"https:\/\/policies.google.com\/terms\" target=\"_blank\">\u0423\u0441\u043b\u043e\u0432\u0438\u044f\u043c\u0438 \u0438\u0441\u043f\u043e\u043b\u044c\u0437\u043e\u0432\u0430\u043d\u0438\u044f<\/a>Google.\n\t<\/p>\n<\/div>\n<p><input class=\"wpcf7-form-control has-spinner wpcf7-submit\" type=\"submit\" value=\"\u041e\u0442\u043f\u0440\u0430\u0432\u043b\u044f\u0442\u044c\" \/>\n<\/p><div class=\"fusion-alert alert custom alert-custom fusion-alert-center wpcf7-response-output alert-dismissable\" role=\"alert\" style=\"border-width:1px;\"><div class=\"fusion-alert-content-wrapper\"><span class=\"fusion-alert-content\"><\/span><\/div><button type=\"button\" class=\"close toggle-alert\" data-dismiss=\"alert\" aria-label=\"Close\">&times;<\/button><\/div>\n<\/form>\n<\/div>\n<\/div><style type=\"text\/css\">.fusion-body .fusion-builder-column-2{width:50% !important;margin-top : 0px;margin-bottom : 20px;}.fusion-builder-column-2 > .fusion-column-wrapper {padding-top : 0px !important;padding-right : 0px !important;margin-right : 3.84%;padding-bottom : 0px !important;padding-left : 0px !important;margin-left : 3.84%;}@media only screen and (max-width:1024px) {.fusion-body .fusion-builder-column-2{width:50% !important;order : 0;}.fusion-builder-column-2 > .fusion-column-wrapper {margin-right : 3.84%;margin-left : 3.84%;}}@media only screen and (max-width:800px) {.fusion-body .fusion-builder-column-2{width:100% !important;order : 0;}.fusion-builder-column-2 > .fusion-column-wrapper {margin-right : 1.92%;margin-left : 1.92%;}}<\/style><\/div><\/div><style type=\"text\/css\">.fusion-body .fusion-flex-container.fusion-builder-row-2{ padding-top : 0px;margin-top : 0px;padding-right : 0px;padding-bottom : 0px;margin-bottom : 0px;padding-left : 0px;}<\/style><\/div><\/p>\n","protected":false},"excerpt":{"rendered":"","protected":false},"author":1,"featured_media":0,"parent":0,"menu_order":0,"comment_status":"closed","ping_status":"closed","template":"100-width.php","meta":{"footnotes":""},"class_list":["post-1268","page","type-page","status-publish","hentry"],"yoast_head":"<!-- This site is optimized with the Yoast SEO plugin v20.2.1 - https:\/\/yoast.com\/wordpress\/plugins\/seo\/ -->\n<title>\u041f\u043e\u0434\u0430\u0440\u043e\u0447\u043d\u044b\u0439 \u0432\u0430\u0443\u0447\u0435\u0440 - Magic Tantra<\/title>\n<meta name=\"robots\" content=\"index, follow, max-snippet:-1, max-image-preview:large, max-video-preview:-1\" \/>\n<link rel=\"canonical\" href=\"https:\/\/magictantra.sk\/ru\/\u043f\u043e\u0434\u0430\u0440\u043e\u0447\u043d\u044b\u0439-\u0432\u0430\u0443\u0447\u0435\u0440\/\" \/>\n<meta property=\"og:locale\" content=\"ru_RU\" \/>\n<meta property=\"og:type\" content=\"article\" \/>\n<meta property=\"og:title\" content=\"\u041f\u043e\u0434\u0430\u0440\u043e\u0447\u043d\u044b\u0439 \u0432\u0430\u0443\u0447\u0435\u0440 - Magic Tantra\" \/>\n<meta property=\"og:url\" content=\"https:\/\/magictantra.sk\/ru\/\u043f\u043e\u0434\u0430\u0440\u043e\u0447\u043d\u044b\u0439-\u0432\u0430\u0443\u0447\u0435\u0440\/\" \/>\n<meta property=\"og:site_name\" content=\"Magic Tantra\" \/>\n<meta property=\"article:modified_time\" content=\"2022-08-04T09:03:34+00:00\" \/>\n<meta name=\"twitter:card\" content=\"summary_large_image\" \/>\n<meta name=\"twitter:label1\" content=\"\u041f\u0440\u0438\u043c\u0435\u0440\u043d\u043e\u0435 \u0432\u0440\u0435\u043c\u044f \u0434\u043b\u044f \u0447\u0442\u0435\u043d\u0438\u044f\" \/>\n\t<meta name=\"twitter:data1\" content=\"4 \u043c\u0438\u043d\u0443\u0442\u044b\" \/>\n<script type=\"application\/ld+json\" class=\"yoast-schema-graph\">{\"@context\":\"https:\/\/schema.org\",\"@graph\":[{\"@type\":\"WebPage\",\"@id\":\"https:\/\/magictantra.sk\/ru\/%d0%bf%d0%be%d0%b4%d0%b0%d1%80%d0%be%d1%87%d0%bd%d1%8b%d0%b9-%d0%b2%d0%b0%d1%83%d1%87%d0%b5%d1%80\/\",\"url\":\"https:\/\/magictantra.sk\/ru\/%d0%bf%d0%be%d0%b4%d0%b0%d1%80%d0%be%d1%87%d0%bd%d1%8b%d0%b9-%d0%b2%d0%b0%d1%83%d1%87%d0%b5%d1%80\/\",\"name\":\"\u041f\u043e\u0434\u0430\u0440\u043e\u0447\u043d\u044b\u0439 \u0432\u0430\u0443\u0447\u0435\u0440 - Magic Tantra\",\"isPartOf\":{\"@id\":\"https:\/\/magictantra.sk\/#website\"},\"datePublished\":\"2022-05-25T11:14:21+00:00\",\"dateModified\":\"2022-08-04T09:03:34+00:00\",\"breadcrumb\":{\"@id\":\"https:\/\/magictantra.sk\/ru\/%d0%bf%d0%be%d0%b4%d0%b0%d1%80%d0%be%d1%87%d0%bd%d1%8b%d0%b9-%d0%b2%d0%b0%d1%83%d1%87%d0%b5%d1%80\/#breadcrumb\"},\"inLanguage\":\"ru-RU\",\"potentialAction\":[{\"@type\":\"ReadAction\",\"target\":[\"https:\/\/magictantra.sk\/ru\/%d0%bf%d0%be%d0%b4%d0%b0%d1%80%d0%be%d1%87%d0%bd%d1%8b%d0%b9-%d0%b2%d0%b0%d1%83%d1%87%d0%b5%d1%80\/\"]}]},{\"@type\":\"BreadcrumbList\",\"@id\":\"https:\/\/magictantra.sk\/ru\/%d0%bf%d0%be%d0%b4%d0%b0%d1%80%d0%be%d1%87%d0%bd%d1%8b%d0%b9-%d0%b2%d0%b0%d1%83%d1%87%d0%b5%d1%80\/#breadcrumb\",\"itemListElement\":[{\"@type\":\"ListItem\",\"position\":1,\"name\":\"Domovsk\u00e1 str\u00e1nka\",\"item\":\"https:\/\/magictantra.sk\/ru\/\"},{\"@type\":\"ListItem\",\"position\":2,\"name\":\"\u041f\u043e\u0434\u0430\u0440\u043e\u0447\u043d\u044b\u0439 \u0432\u0430\u0443\u0447\u0435\u0440\"}]},{\"@type\":\"WebSite\",\"@id\":\"https:\/\/magictantra.sk\/#website\",\"url\":\"https:\/\/magictantra.sk\/\",\"name\":\"Magic Tantra\",\"description\":\"Erotick\u00e1 tantrick\u00e1 mas\u00e1\u017e Bratislava\",\"potentialAction\":[{\"@type\":\"SearchAction\",\"target\":{\"@type\":\"EntryPoint\",\"urlTemplate\":\"https:\/\/magictantra.sk\/?s={search_term_string}\"},\"query-input\":\"required name=search_term_string\"}],\"inLanguage\":\"ru-RU\"}]}<\/script>\n<!-- \/ Yoast SEO plugin. -->","yoast_head_json":{"title":"\u041f\u043e\u0434\u0430\u0440\u043e\u0447\u043d\u044b\u0439 \u0432\u0430\u0443\u0447\u0435\u0440 - Magic Tantra","robots":{"index":"index","follow":"follow","max-snippet":"max-snippet:-1","max-image-preview":"max-image-preview:large","max-video-preview":"max-video-preview:-1"},"canonical":"https:\/\/magictantra.sk\/ru\/\u043f\u043e\u0434\u0430\u0440\u043e\u0447\u043d\u044b\u0439-\u0432\u0430\u0443\u0447\u0435\u0440\/","og_locale":"ru_RU","og_type":"article","og_title":"\u041f\u043e\u0434\u0430\u0440\u043e\u0447\u043d\u044b\u0439 \u0432\u0430\u0443\u0447\u0435\u0440 - Magic Tantra","og_url":"https:\/\/magictantra.sk\/ru\/\u043f\u043e\u0434\u0430\u0440\u043e\u0447\u043d\u044b\u0439-\u0432\u0430\u0443\u0447\u0435\u0440\/","og_site_name":"Magic Tantra","article_modified_time":"2022-08-04T09:03:34+00:00","twitter_card":"summary_large_image","twitter_misc":{"\u041f\u0440\u0438\u043c\u0435\u0440\u043d\u043e\u0435 \u0432\u0440\u0435\u043c\u044f \u0434\u043b\u044f \u0447\u0442\u0435\u043d\u0438\u044f":"4 \u043c\u0438\u043d\u0443\u0442\u044b"},"schema":{"@context":"https:\/\/schema.org","@graph":[{"@type":"WebPage","@id":"https:\/\/magictantra.sk\/ru\/%d0%bf%d0%be%d0%b4%d0%b0%d1%80%d0%be%d1%87%d0%bd%d1%8b%d0%b9-%d0%b2%d0%b0%d1%83%d1%87%d0%b5%d1%80\/","url":"https:\/\/magictantra.sk\/ru\/%d0%bf%d0%be%d0%b4%d0%b0%d1%80%d0%be%d1%87%d0%bd%d1%8b%d0%b9-%d0%b2%d0%b0%d1%83%d1%87%d0%b5%d1%80\/","name":"\u041f\u043e\u0434\u0430\u0440\u043e\u0447\u043d\u044b\u0439 \u0432\u0430\u0443\u0447\u0435\u0440 - Magic Tantra","isPartOf":{"@id":"https:\/\/magictantra.sk\/#website"},"datePublished":"2022-05-25T11:14:21+00:00","dateModified":"2022-08-04T09:03:34+00:00","breadcrumb":{"@id":"https:\/\/magictantra.sk\/ru\/%d0%bf%d0%be%d0%b4%d0%b0%d1%80%d0%be%d1%87%d0%bd%d1%8b%d0%b9-%d0%b2%d0%b0%d1%83%d1%87%d0%b5%d1%80\/#breadcrumb"},"inLanguage":"ru-RU","potentialAction":[{"@type":"ReadAction","target":["https:\/\/magictantra.sk\/ru\/%d0%bf%d0%be%d0%b4%d0%b0%d1%80%d0%be%d1%87%d0%bd%d1%8b%d0%b9-%d0%b2%d0%b0%d1%83%d1%87%d0%b5%d1%80\/"]}]},{"@type":"BreadcrumbList","@id":"https:\/\/magictantra.sk\/ru\/%d0%bf%d0%be%d0%b4%d0%b0%d1%80%d0%be%d1%87%d0%bd%d1%8b%d0%b9-%d0%b2%d0%b0%d1%83%d1%87%d0%b5%d1%80\/#breadcrumb","itemListElement":[{"@type":"ListItem","position":1,"name":"Domovsk\u00e1 str\u00e1nka","item":"https:\/\/magictantra.sk\/ru\/"},{"@type":"ListItem","position":2,"name":"\u041f\u043e\u0434\u0430\u0440\u043e\u0447\u043d\u044b\u0439 \u0432\u0430\u0443\u0447\u0435\u0440"}]},{"@type":"WebSite","@id":"https:\/\/magictantra.sk\/#website","url":"https:\/\/magictantra.sk\/","name":"Magic Tantra","description":"Erotick\u00e1 tantrick\u00e1 mas\u00e1\u017e Bratislava","potentialAction":[{"@type":"SearchAction","target":{"@type":"EntryPoint","urlTemplate":"https:\/\/magictantra.sk\/?s={search_term_string}"},"query-input":"required name=search_term_string"}],"inLanguage":"ru-RU"}]}},"_links":{"self":[{"href":"https:\/\/magictantra.sk\/ru\/wp-json\/wp\/v2\/pages\/1268","targetHints":{"allow":["GET"]}}],"collection":[{"href":"https:\/\/magictantra.sk\/ru\/wp-json\/wp\/v2\/pages"}],"about":[{"href":"https:\/\/magictantra.sk\/ru\/wp-json\/wp\/v2\/types\/page"}],"author":[{"embeddable":true,"href":"https:\/\/magictantra.sk\/ru\/wp-json\/wp\/v2\/users\/1"}],"replies":[{"embeddable":true,"href":"https:\/\/magictantra.sk\/ru\/wp-json\/wp\/v2\/comments?post=1268"}],"version-history":[{"count":3,"href":"https:\/\/magictantra.sk\/ru\/wp-json\/wp\/v2\/pages\/1268\/revisions"}],"predecessor-version":[{"id":1285,"href":"https:\/\/magictantra.sk\/ru\/wp-json\/wp\/v2\/pages\/1268\/revisions\/1285"}],"wp:attachment":[{"href":"https:\/\/magictantra.sk\/ru\/wp-json\/wp\/v2\/media?parent=1268"}],"curies":[{"name":"wp","href":"https:\/\/api.w.org\/{rel}","templated":true}]}}