{"id":1281,"date":"2022-05-25T11:14:09","date_gmt":"2022-05-25T11:14:09","guid":{"rendered":"https:\/\/magictantra.sk\/%d0%be%d1%82%d0%b7%d1%8b%d0%b2\/"},"modified":"2022-08-22T09:43:26","modified_gmt":"2022-08-22T09:43:26","slug":"%d0%be%d1%82%d0%b7%d1%8b%d0%b2%d1%8b","status":"publish","type":"page","link":"https:\/\/magictantra.sk\/ru\/%d0%be%d1%82%d0%b7%d1%8b%d0%b2%d1%8b\/","title":{"rendered":"\u041e\u0442\u0437\u044b\u0432\u044b"},"content":{"rendered":"<div class=\"fusion-fullwidth fullwidth-box fusion-builder-row-1 fusion-flex-container nonhundred-percent-fullwidth non-hundred-percent-height-scrolling\" style=\"background-color: rgba(255,255,255,0);background-position: center center;background-repeat: no-repeat;border-width: 0px 0px 0px 0px;border-color:var(--awb-color3);border-style:solid;\" ><div class=\"fusion-builder-row fusion-row fusion-flex-align-items-flex-start\" style=\"max-width:1248px;margin-left: calc(-4% \/ 2 );margin-right: calc(-4% \/ 2 );\"><div class=\"fusion-layout-column fusion_builder_column fusion-builder-column-0 fusion_builder_column_1_1 1_1 fusion-flex-column\"><div class=\"fusion-column-wrapper fusion-flex-justify-content-flex-start fusion-content-layout-column\" style=\"background-position:left top;background-repeat:no-repeat;-webkit-background-size:cover;-moz-background-size:cover;-o-background-size:cover;background-size:cover;padding: 0px 0px 0px 0px;\"><style type=\"text\/css\">@media only screen and (max-width:1024px) {.fusion-title.fusion-title-1{margin-top:10px!important; margin-right:0px!important;margin-bottom:15px!important;margin-left:0px!important;}}@media only screen and (max-width:800px) {.fusion-title.fusion-title-1{margin-top:10px!important; margin-right:0px!important;margin-bottom:10px!important; margin-left:0px!important;}}<\/style><div class=\"fusion-title title fusion-title-1 fusion-sep-none fusion-title-center fusion-title-text fusion-title-size-one\" style=\"margin-top:10px;margin-right:0px;margin-bottom:15px;margin-left:0px;\"><h1 class=\"title-heading-center fusion-responsive-typography-calculated\" style=\"margin:0;--fontSize:38;line-height:var(--awb-typography1-line-height);\">\u041e\u0442\u0437\u044b\u0432\u044b<\/h1><\/div><\/div><style type=\"text\/css\">.fusion-body .fusion-builder-column-0{width:100% !important;margin-top : 0px;margin-bottom : 20px;}.fusion-builder-column-0 > .fusion-column-wrapper {padding-top : 0px !important;padding-right : 0px !important;margin-right : 1.92%;padding-bottom : 0px !important;padding-left : 0px !important;margin-left : 1.92%;}@media only screen and (max-width:1024px) {.fusion-body .fusion-builder-column-0{width:100% !important;order : 0;}.fusion-builder-column-0 > .fusion-column-wrapper {margin-right : 1.92%;margin-left : 1.92%;}}@media only screen and (max-width:800px) {.fusion-body .fusion-builder-column-0{width:100% !important;order : 0;}.fusion-builder-column-0 > .fusion-column-wrapper {margin-right : 1.92%;margin-left : 1.92%;}}<\/style><\/div><\/div><style type=\"text\/css\">.fusion-body .fusion-flex-container.fusion-builder-row-1{ padding-top : 0px;margin-top : 30px;padding-right : 0px;padding-bottom : 0px;margin-bottom : 0px;padding-left : 0px;}<\/style><\/div>\n","protected":false},"excerpt":{"rendered":"","protected":false},"author":1,"featured_media":0,"parent":0,"menu_order":0,"comment_status":"closed","ping_status":"closed","template":"","meta":{"footnotes":""},"class_list":["post-1281","page","type-page","status-publish","hentry"],"yoast_head":"<!-- This site is optimized with the Yoast SEO plugin v20.2.1 - https:\/\/yoast.com\/wordpress\/plugins\/seo\/ -->\n<title>\u041e\u0442\u0437\u044b\u0432\u044b - Magic Tantra<\/title>\n<meta name=\"robots\" content=\"index, follow, max-snippet:-1, max-image-preview:large, max-video-preview:-1\" \/>\n<link rel=\"canonical\" href=\"https:\/\/magictantra.sk\/ru\/\u043e\u0442\u0437\u044b\u0432\u044b\/\" \/>\n<meta property=\"og:locale\" content=\"ru_RU\" \/>\n<meta property=\"og:type\" content=\"article\" \/>\n<meta property=\"og:title\" content=\"\u041e\u0442\u0437\u044b\u0432\u044b - Magic Tantra\" \/>\n<meta property=\"og:url\" content=\"https:\/\/magictantra.sk\/ru\/\u043e\u0442\u0437\u044b\u0432\u044b\/\" \/>\n<meta property=\"og:site_name\" content=\"Magic Tantra\" \/>\n<meta property=\"article:modified_time\" content=\"2022-08-22T09:43:26+00:00\" \/>\n<meta name=\"twitter:card\" content=\"summary_large_image\" \/>\n<meta name=\"twitter:label1\" content=\"\u041f\u0440\u0438\u043c\u0435\u0440\u043d\u043e\u0435 \u0432\u0440\u0435\u043c\u044f \u0434\u043b\u044f \u0447\u0442\u0435\u043d\u0438\u044f\" \/>\n\t<meta name=\"twitter:data1\" content=\"2 \u043c\u0438\u043d\u0443\u0442\u044b\" \/>\n<script type=\"application\/ld+json\" class=\"yoast-schema-graph\">{\"@context\":\"https:\/\/schema.org\",\"@graph\":[{\"@type\":\"WebPage\",\"@id\":\"https:\/\/magictantra.sk\/ru\/%d0%be%d1%82%d0%b7%d1%8b%d0%b2%d1%8b\/\",\"url\":\"https:\/\/magictantra.sk\/ru\/%d0%be%d1%82%d0%b7%d1%8b%d0%b2%d1%8b\/\",\"name\":\"\u041e\u0442\u0437\u044b\u0432\u044b - Magic Tantra\",\"isPartOf\":{\"@id\":\"https:\/\/magictantra.sk\/#website\"},\"datePublished\":\"2022-05-25T11:14:09+00:00\",\"dateModified\":\"2022-08-22T09:43:26+00:00\",\"breadcrumb\":{\"@id\":\"https:\/\/magictantra.sk\/ru\/%d0%be%d1%82%d0%b7%d1%8b%d0%b2%d1%8b\/#breadcrumb\"},\"inLanguage\":\"ru-RU\",\"potentialAction\":[{\"@type\":\"ReadAction\",\"target\":[\"https:\/\/magictantra.sk\/ru\/%d0%be%d1%82%d0%b7%d1%8b%d0%b2%d1%8b\/\"]}]},{\"@type\":\"BreadcrumbList\",\"@id\":\"https:\/\/magictantra.sk\/ru\/%d0%be%d1%82%d0%b7%d1%8b%d0%b2%d1%8b\/#breadcrumb\",\"itemListElement\":[{\"@type\":\"ListItem\",\"position\":1,\"name\":\"Domovsk\u00e1 str\u00e1nka\",\"item\":\"https:\/\/magictantra.sk\/ru\/\"},{\"@type\":\"ListItem\",\"position\":2,\"name\":\"\u041e\u0442\u0437\u044b\u0432\u044b\"}]},{\"@type\":\"WebSite\",\"@id\":\"https:\/\/magictantra.sk\/#website\",\"url\":\"https:\/\/magictantra.sk\/\",\"name\":\"Magic Tantra\",\"description\":\"Erotick\u00e1 tantrick\u00e1 mas\u00e1\u017e Bratislava\",\"potentialAction\":[{\"@type\":\"SearchAction\",\"target\":{\"@type\":\"EntryPoint\",\"urlTemplate\":\"https:\/\/magictantra.sk\/?s={search_term_string}\"},\"query-input\":\"required name=search_term_string\"}],\"inLanguage\":\"ru-RU\"}]}<\/script>\n<!-- \/ Yoast SEO plugin. -->","yoast_head_json":{"title":"\u041e\u0442\u0437\u044b\u0432\u044b - Magic Tantra","robots":{"index":"index","follow":"follow","max-snippet":"max-snippet:-1","max-image-preview":"max-image-preview:large","max-video-preview":"max-video-preview:-1"},"canonical":"https:\/\/magictantra.sk\/ru\/\u043e\u0442\u0437\u044b\u0432\u044b\/","og_locale":"ru_RU","og_type":"article","og_title":"\u041e\u0442\u0437\u044b\u0432\u044b - Magic Tantra","og_url":"https:\/\/magictantra.sk\/ru\/\u043e\u0442\u0437\u044b\u0432\u044b\/","og_site_name":"Magic Tantra","article_modified_time":"2022-08-22T09:43:26+00:00","twitter_card":"summary_large_image","twitter_misc":{"\u041f\u0440\u0438\u043c\u0435\u0440\u043d\u043e\u0435 \u0432\u0440\u0435\u043c\u044f \u0434\u043b\u044f \u0447\u0442\u0435\u043d\u0438\u044f":"2 \u043c\u0438\u043d\u0443\u0442\u044b"},"schema":{"@context":"https:\/\/schema.org","@graph":[{"@type":"WebPage","@id":"https:\/\/magictantra.sk\/ru\/%d0%be%d1%82%d0%b7%d1%8b%d0%b2%d1%8b\/","url":"https:\/\/magictantra.sk\/ru\/%d0%be%d1%82%d0%b7%d1%8b%d0%b2%d1%8b\/","name":"\u041e\u0442\u0437\u044b\u0432\u044b - Magic Tantra","isPartOf":{"@id":"https:\/\/magictantra.sk\/#website"},"datePublished":"2022-05-25T11:14:09+00:00","dateModified":"2022-08-22T09:43:26+00:00","breadcrumb":{"@id":"https:\/\/magictantra.sk\/ru\/%d0%be%d1%82%d0%b7%d1%8b%d0%b2%d1%8b\/#breadcrumb"},"inLanguage":"ru-RU","potentialAction":[{"@type":"ReadAction","target":["https:\/\/magictantra.sk\/ru\/%d0%be%d1%82%d0%b7%d1%8b%d0%b2%d1%8b\/"]}]},{"@type":"BreadcrumbList","@id":"https:\/\/magictantra.sk\/ru\/%d0%be%d1%82%d0%b7%d1%8b%d0%b2%d1%8b\/#breadcrumb","itemListElement":[{"@type":"ListItem","position":1,"name":"Domovsk\u00e1 str\u00e1nka","item":"https:\/\/magictantra.sk\/ru\/"},{"@type":"ListItem","position":2,"name":"\u041e\u0442\u0437\u044b\u0432\u044b"}]},{"@type":"WebSite","@id":"https:\/\/magictantra.sk\/#website","url":"https:\/\/magictantra.sk\/","name":"Magic Tantra","description":"Erotick\u00e1 tantrick\u00e1 mas\u00e1\u017e Bratislava","potentialAction":[{"@type":"SearchAction","target":{"@type":"EntryPoint","urlTemplate":"https:\/\/magictantra.sk\/?s={search_term_string}"},"query-input":"required name=search_term_string"}],"inLanguage":"ru-RU"}]}},"_links":{"self":[{"href":"https:\/\/magictantra.sk\/ru\/wp-json\/wp\/v2\/pages\/1281","targetHints":{"allow":["GET"]}}],"collection":[{"href":"https:\/\/magictantra.sk\/ru\/wp-json\/wp\/v2\/pages"}],"about":[{"href":"https:\/\/magictantra.sk\/ru\/wp-json\/wp\/v2\/types\/page"}],"author":[{"embeddable":true,"href":"https:\/\/magictantra.sk\/ru\/wp-json\/wp\/v2\/users\/1"}],"replies":[{"embeddable":true,"href":"https:\/\/magictantra.sk\/ru\/wp-json\/wp\/v2\/comments?post=1281"}],"version-history":[{"count":3,"href":"https:\/\/magictantra.sk\/ru\/wp-json\/wp\/v2\/pages\/1281\/revisions"}],"predecessor-version":[{"id":1385,"href":"https:\/\/magictantra.sk\/ru\/wp-json\/wp\/v2\/pages\/1281\/revisions\/1385"}],"wp:attachment":[{"href":"https:\/\/magictantra.sk\/ru\/wp-json\/wp\/v2\/media?parent=1281"}],"curies":[{"name":"wp","href":"https:\/\/api.w.org\/{rel}","templated":true}]}}